{"id":102,"date":"2025-04-15T18:40:55","date_gmt":"2025-04-15T16:40:55","guid":{"rendered":"https:\/\/studioducommun.fr\/?page_id=102"},"modified":"2026-03-17T18:11:26","modified_gmt":"2026-03-17T17:11:26","slug":"02_habitat","status":"publish","type":"page","link":"https:\/\/studioducommun.fr\/index.php\/projets\/02_habitat\/","title":{"rendered":"HABITAT"},"content":{"rendered":"\n<h2 class=\"wp-block-heading\">Le Luiset<\/h2>\n\n\n\n<p class=\"has-medium-font-size\"><strong>Programme :<\/strong> R\u00e9novation thermique d\u2019une maison existante<br>Mission : compl\u00e8te<br>Ma\u00eetrise d&rsquo;ouvrage : Priv\u00e9<br>Lieu : Saint Martin-d&rsquo;Uriage<br>Co\u00fbt des travaux : 150 000\u20ac HT<br>Etat : R\u00e9ception d\u00e9but 2026<\/p>\n\n\n\n<figure class=\"wp-block-image size-full\"><img loading=\"lazy\" decoding=\"async\" width=\"1000\" height=\"707\" src=\"https:\/\/studioducommun.fr\/wp-content\/uploads\/2026\/03\/1_LUISET-jpg.jpg\" alt=\"\" class=\"wp-image-317\" srcset=\"https:\/\/studioducommun.fr\/wp-content\/uploads\/2026\/03\/1_LUISET-jpg.jpg 1000w, https:\/\/studioducommun.fr\/wp-content\/uploads\/2026\/03\/1_LUISET-jpg-300x212.jpg 300w, https:\/\/studioducommun.fr\/wp-content\/uploads\/2026\/03\/1_LUISET-jpg-768x543.jpg 768w\" sizes=\"auto, (max-width: 1000px) 100vw, 1000px\" \/><\/figure>\n\n\n\n<figure class=\"wp-block-image size-full\"><img loading=\"lazy\" decoding=\"async\" width=\"1000\" height=\"707\" src=\"https:\/\/studioducommun.fr\/wp-content\/uploads\/2026\/03\/2_LUISET.jpg\" alt=\"\" class=\"wp-image-318\" srcset=\"https:\/\/studioducommun.fr\/wp-content\/uploads\/2026\/03\/2_LUISET.jpg 1000w, https:\/\/studioducommun.fr\/wp-content\/uploads\/2026\/03\/2_LUISET-300x212.jpg 300w, https:\/\/studioducommun.fr\/wp-content\/uploads\/2026\/03\/2_LUISET-768x543.jpg 768w\" sizes=\"auto, (max-width: 1000px) 100vw, 1000px\" \/><\/figure>\n\n\n\n<figure class=\"wp-block-image size-full\"><img loading=\"lazy\" decoding=\"async\" width=\"1000\" height=\"707\" src=\"https:\/\/studioducommun.fr\/wp-content\/uploads\/2026\/03\/3_LUISET.jpg\" alt=\"\" class=\"wp-image-320\" srcset=\"https:\/\/studioducommun.fr\/wp-content\/uploads\/2026\/03\/3_LUISET.jpg 1000w, https:\/\/studioducommun.fr\/wp-content\/uploads\/2026\/03\/3_LUISET-300x212.jpg 300w, https:\/\/studioducommun.fr\/wp-content\/uploads\/2026\/03\/3_LUISET-768x543.jpg 768w\" sizes=\"auto, (max-width: 1000px) 100vw, 1000px\" \/><\/figure>\n\n\n\n<hr class=\"wp-block-separator has-alpha-channel-opacity\"\/>\n\n\n\n<h2 class=\"wp-block-heading\">Les Rapeaux<\/h2>\n\n\n\n<p class=\"has-medium-font-size\"><strong>Programme :<\/strong> Extension de maison individuelle<br><strong>Mission :<\/strong> ma\u00eetrise d&rsquo;oeuvre compl\u00e8te<br><strong>Ma\u00eetrise d&rsquo;ouvrage : <\/strong>Priv\u00e9<br><strong>Lieu :<\/strong> Saint-Martin d&rsquo;Uriage<br><strong>Surface <\/strong>: 22m\u00b2 emprise au sol<br><strong>Co\u00fbt des travaux<\/strong> : 60 000 \u20acHT<br><strong>Etat :<\/strong> R\u00e9ceptionn\u00e9 juillet 2024<\/p>\n\n\n\n<figure class=\"wp-block-image size-full\"><img loading=\"lazy\" decoding=\"async\" width=\"1000\" height=\"707\" src=\"https:\/\/studioducommun.fr\/wp-content\/uploads\/2025\/04\/1_LES-RAPEAUX.jpg\" alt=\"\" class=\"wp-image-139\" srcset=\"https:\/\/studioducommun.fr\/wp-content\/uploads\/2025\/04\/1_LES-RAPEAUX.jpg 1000w, https:\/\/studioducommun.fr\/wp-content\/uploads\/2025\/04\/1_LES-RAPEAUX-300x212.jpg 300w, https:\/\/studioducommun.fr\/wp-content\/uploads\/2025\/04\/1_LES-RAPEAUX-768x543.jpg 768w\" sizes=\"auto, (max-width: 1000px) 100vw, 1000px\" \/><\/figure>\n\n\n\n<figure class=\"wp-block-image size-full\"><img loading=\"lazy\" decoding=\"async\" width=\"1000\" height=\"707\" src=\"https:\/\/studioducommun.fr\/wp-content\/uploads\/2025\/04\/2_LES-RAPEAUX.jpg\" alt=\"\" class=\"wp-image-140\" srcset=\"https:\/\/studioducommun.fr\/wp-content\/uploads\/2025\/04\/2_LES-RAPEAUX.jpg 1000w, https:\/\/studioducommun.fr\/wp-content\/uploads\/2025\/04\/2_LES-RAPEAUX-300x212.jpg 300w, https:\/\/studioducommun.fr\/wp-content\/uploads\/2025\/04\/2_LES-RAPEAUX-768x543.jpg 768w\" sizes=\"auto, (max-width: 1000px) 100vw, 1000px\" \/><\/figure>\n\n\n\n<figure class=\"wp-block-image size-full\"><img loading=\"lazy\" decoding=\"async\" width=\"1000\" height=\"707\" src=\"https:\/\/studioducommun.fr\/wp-content\/uploads\/2025\/04\/3_LES-RAPEAUX.jpg\" alt=\"\" class=\"wp-image-141\" srcset=\"https:\/\/studioducommun.fr\/wp-content\/uploads\/2025\/04\/3_LES-RAPEAUX.jpg 1000w, https:\/\/studioducommun.fr\/wp-content\/uploads\/2025\/04\/3_LES-RAPEAUX-300x212.jpg 300w, https:\/\/studioducommun.fr\/wp-content\/uploads\/2025\/04\/3_LES-RAPEAUX-768x543.jpg 768w\" sizes=\"auto, (max-width: 1000px) 100vw, 1000px\" \/><\/figure>\n\n\n\n<hr class=\"wp-block-separator has-alpha-channel-opacity\"\/>\n\n\n\n<h2 class=\"wp-block-heading\">La Combette<\/h2>\n\n\n\n<p class=\"has-medium-font-size\">Programme : Cr\u00e9ation d&rsquo;une annexe et am\u00e9nagement d&rsquo;une maison en Chartreuse<br>Mission : Conception et permis de construire<br>Ma\u00eetrise d&rsquo;ouvrage : Client priv\u00e9<br>Lieu : Saint-Pierre-d&rsquo;Entremont, Savoie<br>Surface : 147m2 et annexe de 18 m2<br>Co\u00fbt des travaux : inconnu<br>Etat : d\u00e9but des travaux printemps 2025<\/p>\n\n\n\n<figure class=\"wp-block-image size-full\"><img loading=\"lazy\" decoding=\"async\" width=\"1000\" height=\"707\" src=\"https:\/\/studioducommun.fr\/wp-content\/uploads\/2025\/04\/1_ENTREMONT.jpg\" alt=\"\" class=\"wp-image-185\" srcset=\"https:\/\/studioducommun.fr\/wp-content\/uploads\/2025\/04\/1_ENTREMONT.jpg 1000w, https:\/\/studioducommun.fr\/wp-content\/uploads\/2025\/04\/1_ENTREMONT-300x212.jpg 300w, https:\/\/studioducommun.fr\/wp-content\/uploads\/2025\/04\/1_ENTREMONT-768x543.jpg 768w\" sizes=\"auto, (max-width: 1000px) 100vw, 1000px\" \/><\/figure>\n\n\n\n<figure class=\"wp-block-image size-full\"><img loading=\"lazy\" decoding=\"async\" width=\"1000\" height=\"707\" src=\"https:\/\/studioducommun.fr\/wp-content\/uploads\/2025\/04\/2_ENTREMONT.jpg\" alt=\"\" class=\"wp-image-186\" srcset=\"https:\/\/studioducommun.fr\/wp-content\/uploads\/2025\/04\/2_ENTREMONT.jpg 1000w, https:\/\/studioducommun.fr\/wp-content\/uploads\/2025\/04\/2_ENTREMONT-300x212.jpg 300w, https:\/\/studioducommun.fr\/wp-content\/uploads\/2025\/04\/2_ENTREMONT-768x543.jpg 768w\" sizes=\"auto, (max-width: 1000px) 100vw, 1000px\" \/><\/figure>\n\n\n\n<figure class=\"wp-block-image size-full\"><img loading=\"lazy\" decoding=\"async\" width=\"1000\" height=\"707\" src=\"https:\/\/studioducommun.fr\/wp-content\/uploads\/2025\/04\/3_ENTREMONT.jpg\" alt=\"\" class=\"wp-image-187\" srcset=\"https:\/\/studioducommun.fr\/wp-content\/uploads\/2025\/04\/3_ENTREMONT.jpg 1000w, https:\/\/studioducommun.fr\/wp-content\/uploads\/2025\/04\/3_ENTREMONT-300x212.jpg 300w, https:\/\/studioducommun.fr\/wp-content\/uploads\/2025\/04\/3_ENTREMONT-768x543.jpg 768w\" sizes=\"auto, (max-width: 1000px) 100vw, 1000px\" \/><\/figure>\n\n\n\n<hr class=\"wp-block-separator has-alpha-channel-opacity\"\/>\n\n\n\n<h2 class=\"wp-block-heading\">La Combette<\/h2>\n\n\n\n<p class=\"has-medium-font-size\">Programme : extension de maison individuelle<br>Mission : ma\u00eetrise d&rsquo;oeuvre compl\u00e8te<br>Ma\u00eetrise d&rsquo;ouvrage : client priv\u00e9<br>Lieu : Saint Martin d&rsquo;Uriage<br>Surface : 20 m\u00b2<br>Co\u00fbt des travaux : 60 000 \u20acHT<br>Etat : r\u00e9ceptionn\u00e9 avril 2024<\/p>\n\n\n\n<figure class=\"wp-block-image size-full\"><img loading=\"lazy\" decoding=\"async\" width=\"1000\" height=\"707\" src=\"https:\/\/studioducommun.fr\/wp-content\/uploads\/2025\/04\/1_LA-COMBETTE.jpg\" alt=\"\" class=\"wp-image-182\" srcset=\"https:\/\/studioducommun.fr\/wp-content\/uploads\/2025\/04\/1_LA-COMBETTE.jpg 1000w, https:\/\/studioducommun.fr\/wp-content\/uploads\/2025\/04\/1_LA-COMBETTE-300x212.jpg 300w, https:\/\/studioducommun.fr\/wp-content\/uploads\/2025\/04\/1_LA-COMBETTE-768x543.jpg 768w\" sizes=\"auto, (max-width: 1000px) 100vw, 1000px\" \/><\/figure>\n\n\n\n<figure class=\"wp-block-image size-full\"><img loading=\"lazy\" decoding=\"async\" width=\"1000\" height=\"707\" src=\"https:\/\/studioducommun.fr\/wp-content\/uploads\/2025\/04\/2_LA-COMBETTE.jpg\" alt=\"\" class=\"wp-image-183\" srcset=\"https:\/\/studioducommun.fr\/wp-content\/uploads\/2025\/04\/2_LA-COMBETTE.jpg 1000w, https:\/\/studioducommun.fr\/wp-content\/uploads\/2025\/04\/2_LA-COMBETTE-300x212.jpg 300w, https:\/\/studioducommun.fr\/wp-content\/uploads\/2025\/04\/2_LA-COMBETTE-768x543.jpg 768w\" sizes=\"auto, (max-width: 1000px) 100vw, 1000px\" \/><\/figure>\n\n\n\n<figure class=\"wp-block-image size-full\"><img loading=\"lazy\" decoding=\"async\" width=\"1000\" height=\"707\" src=\"https:\/\/studioducommun.fr\/wp-content\/uploads\/2025\/04\/3_LA-COMBETTE.jpg\" alt=\"\" class=\"wp-image-184\" srcset=\"https:\/\/studioducommun.fr\/wp-content\/uploads\/2025\/04\/3_LA-COMBETTE.jpg 1000w, https:\/\/studioducommun.fr\/wp-content\/uploads\/2025\/04\/3_LA-COMBETTE-300x212.jpg 300w, https:\/\/studioducommun.fr\/wp-content\/uploads\/2025\/04\/3_LA-COMBETTE-768x543.jpg 768w\" sizes=\"auto, (max-width: 1000px) 100vw, 1000px\" \/><\/figure>\n\n\n\n<hr class=\"wp-block-separator has-alpha-channel-opacity\"\/>\n\n\n\n<h2 class=\"wp-block-heading\">Habitat partag\u00e9 TirePoil<\/h2>\n\n\n\n<p class=\"has-medium-font-size\">Programme : habitat group\u00e9 comprenant 6 logements et des parties communes<br>Collaboration : PC Eugenie Volland Architecte<br>Mission : Esquisse \/ Permis modificatif<br>Ma\u00eetrise d&rsquo;ouvrage : Clients priv\u00e9s SCI pousse-poil<br>Lieu : Jacob-Bellecombette (73)<br>Surface : 700 m\u00b2<br>Co\u00fbt des travaux : 600 000\u20ac<\/p>\n\n\n\n<figure class=\"wp-block-image size-full\"><img loading=\"lazy\" decoding=\"async\" width=\"1000\" height=\"707\" src=\"https:\/\/studioducommun.fr\/wp-content\/uploads\/2025\/04\/1_TIREPOIL.jpg\" alt=\"\" class=\"wp-image-189\" srcset=\"https:\/\/studioducommun.fr\/wp-content\/uploads\/2025\/04\/1_TIREPOIL.jpg 1000w, https:\/\/studioducommun.fr\/wp-content\/uploads\/2025\/04\/1_TIREPOIL-300x212.jpg 300w, https:\/\/studioducommun.fr\/wp-content\/uploads\/2025\/04\/1_TIREPOIL-768x543.jpg 768w\" sizes=\"auto, (max-width: 1000px) 100vw, 1000px\" \/><\/figure>\n\n\n\n<figure class=\"wp-block-image size-full\"><img loading=\"lazy\" decoding=\"async\" width=\"1000\" height=\"707\" src=\"https:\/\/studioducommun.fr\/wp-content\/uploads\/2025\/04\/2_TIREPOIL.jpg\" alt=\"\" class=\"wp-image-190\" srcset=\"https:\/\/studioducommun.fr\/wp-content\/uploads\/2025\/04\/2_TIREPOIL.jpg 1000w, https:\/\/studioducommun.fr\/wp-content\/uploads\/2025\/04\/2_TIREPOIL-300x212.jpg 300w, https:\/\/studioducommun.fr\/wp-content\/uploads\/2025\/04\/2_TIREPOIL-768x543.jpg 768w\" sizes=\"auto, (max-width: 1000px) 100vw, 1000px\" \/><\/figure>\n\n\n\n<figure class=\"wp-block-image size-full\"><img loading=\"lazy\" decoding=\"async\" width=\"1000\" height=\"707\" src=\"https:\/\/studioducommun.fr\/wp-content\/uploads\/2025\/04\/3_TIREPOIL.jpg\" alt=\"\" class=\"wp-image-191\" srcset=\"https:\/\/studioducommun.fr\/wp-content\/uploads\/2025\/04\/3_TIREPOIL.jpg 1000w, https:\/\/studioducommun.fr\/wp-content\/uploads\/2025\/04\/3_TIREPOIL-300x212.jpg 300w, https:\/\/studioducommun.fr\/wp-content\/uploads\/2025\/04\/3_TIREPOIL-768x543.jpg 768w\" sizes=\"auto, (max-width: 1000px) 100vw, 1000px\" \/><\/figure>\n\n\n\n<hr class=\"wp-block-separator has-alpha-channel-opacity\"\/>\n\n\n\n<h2 class=\"wp-block-heading\">La Relati\u00e8re<\/h2>\n\n\n\n<p class=\"has-medium-font-size\"><strong>Programme :<\/strong> R\u00e9novation thermique globale<br><strong>Mission :<\/strong> ma\u00eetrise d&rsquo;oeuvre compl\u00e8te<br><strong>Ma\u00eetrise d&rsquo;ouvrage : <\/strong>Priv\u00e9<br><strong>Lieu :<\/strong> Saint-Martin d&rsquo;Uriage<br><strong>Surface <\/strong>: 120 m\u00b2 emprise au sol<br><strong>Co\u00fbt des travaux<\/strong> : 180 000 \u20ac HT hors finitions<br><strong>Etat :<\/strong> R\u00e9ceptionn\u00e9 novembre 2023<\/p>\n\n\n\n<figure class=\"wp-block-image size-full\"><img loading=\"lazy\" decoding=\"async\" width=\"1000\" height=\"707\" src=\"https:\/\/studioducommun.fr\/wp-content\/uploads\/2025\/04\/1_LA-RELATIERE.jpg\" alt=\"\" class=\"wp-image-143\" srcset=\"https:\/\/studioducommun.fr\/wp-content\/uploads\/2025\/04\/1_LA-RELATIERE.jpg 1000w, https:\/\/studioducommun.fr\/wp-content\/uploads\/2025\/04\/1_LA-RELATIERE-300x212.jpg 300w, https:\/\/studioducommun.fr\/wp-content\/uploads\/2025\/04\/1_LA-RELATIERE-768x543.jpg 768w\" sizes=\"auto, (max-width: 1000px) 100vw, 1000px\" \/><\/figure>\n\n\n\n<figure class=\"wp-block-image size-full\"><img loading=\"lazy\" decoding=\"async\" width=\"1000\" height=\"707\" src=\"https:\/\/studioducommun.fr\/wp-content\/uploads\/2025\/04\/2_LA-RELATIERE.jpg\" alt=\"\" class=\"wp-image-144\" srcset=\"https:\/\/studioducommun.fr\/wp-content\/uploads\/2025\/04\/2_LA-RELATIERE.jpg 1000w, https:\/\/studioducommun.fr\/wp-content\/uploads\/2025\/04\/2_LA-RELATIERE-300x212.jpg 300w, https:\/\/studioducommun.fr\/wp-content\/uploads\/2025\/04\/2_LA-RELATIERE-768x543.jpg 768w\" sizes=\"auto, (max-width: 1000px) 100vw, 1000px\" \/><\/figure>\n\n\n\n<figure class=\"wp-block-image size-full\"><img loading=\"lazy\" decoding=\"async\" width=\"1000\" height=\"707\" src=\"https:\/\/studioducommun.fr\/wp-content\/uploads\/2025\/04\/3_LA-RELATIERE.jpg\" alt=\"\" class=\"wp-image-145\" srcset=\"https:\/\/studioducommun.fr\/wp-content\/uploads\/2025\/04\/3_LA-RELATIERE.jpg 1000w, https:\/\/studioducommun.fr\/wp-content\/uploads\/2025\/04\/3_LA-RELATIERE-300x212.jpg 300w, https:\/\/studioducommun.fr\/wp-content\/uploads\/2025\/04\/3_LA-RELATIERE-768x543.jpg 768w\" sizes=\"auto, (max-width: 1000px) 100vw, 1000px\" \/><\/figure>\n\n\n\n<hr class=\"wp-block-separator has-alpha-channel-opacity\"\/>\n\n\n\n<h2 class=\"wp-block-heading\">Boissin<\/h2>\n\n\n\n<p class=\"has-medium-font-size\">Programme : Sur\u00e9l\u00e9vation d\u2019une maison existante <br>Mission : Esquisse \/ Permis de construire \/ Chantier<br>Ma\u00eetrise d&rsquo;ouvrage : client priv\u00e9<br>Lieu : Goudargues (30)<br>Surface : 52 m2<br>Co\u00fbt des travaux : 150 000\u20ac<br>Etat : 2022 r\u00e9ception phase 1 \/ phase 2 en cours.<\/p>\n\n\n\n<figure class=\"wp-block-image size-full\"><img loading=\"lazy\" decoding=\"async\" width=\"1000\" height=\"707\" src=\"https:\/\/studioducommun.fr\/wp-content\/uploads\/2025\/04\/1_BOISSIN.jpg\" alt=\"\" class=\"wp-image-192\" srcset=\"https:\/\/studioducommun.fr\/wp-content\/uploads\/2025\/04\/1_BOISSIN.jpg 1000w, https:\/\/studioducommun.fr\/wp-content\/uploads\/2025\/04\/1_BOISSIN-300x212.jpg 300w, https:\/\/studioducommun.fr\/wp-content\/uploads\/2025\/04\/1_BOISSIN-768x543.jpg 768w\" sizes=\"auto, (max-width: 1000px) 100vw, 1000px\" \/><\/figure>\n\n\n\n<figure class=\"wp-block-image size-full\"><img loading=\"lazy\" decoding=\"async\" width=\"1000\" height=\"707\" src=\"https:\/\/studioducommun.fr\/wp-content\/uploads\/2025\/04\/2_BOISSIN.jpg\" alt=\"\" class=\"wp-image-193\" srcset=\"https:\/\/studioducommun.fr\/wp-content\/uploads\/2025\/04\/2_BOISSIN.jpg 1000w, https:\/\/studioducommun.fr\/wp-content\/uploads\/2025\/04\/2_BOISSIN-300x212.jpg 300w, https:\/\/studioducommun.fr\/wp-content\/uploads\/2025\/04\/2_BOISSIN-768x543.jpg 768w\" sizes=\"auto, (max-width: 1000px) 100vw, 1000px\" \/><\/figure>\n\n\n\n<hr class=\"wp-block-separator has-alpha-channel-opacity\"\/>\n\n\n\n<h2 class=\"wp-block-heading\">Navette <\/h2>\n\n\n\n<p class=\"has-medium-font-size\"><strong>Programme :<\/strong> R\u00e9novation d&rsquo;une b\u00e2tisse savoyarde<br><strong>Mission :<\/strong> Permis de construire<br><strong>Ma\u00eetrise d&rsquo;ouvrage : <\/strong>Priv\u00e9<br><strong>Lieu :<\/strong> Navette, Grand-Aigueblanche, Savoie<br><strong>Surface <\/strong>: 360 m\u00b2<br><strong>Co\u00fbt des travaux<\/strong> : Auto-construction<br><strong>Etat :<\/strong> En cours de r\u00e9alisation<\/p>\n\n\n\n<figure class=\"wp-block-image size-full\"><img loading=\"lazy\" decoding=\"async\" width=\"1000\" height=\"707\" src=\"https:\/\/studioducommun.fr\/wp-content\/uploads\/2025\/04\/1_NAVETTE.jpg\" alt=\"\" class=\"wp-image-146\" srcset=\"https:\/\/studioducommun.fr\/wp-content\/uploads\/2025\/04\/1_NAVETTE.jpg 1000w, https:\/\/studioducommun.fr\/wp-content\/uploads\/2025\/04\/1_NAVETTE-300x212.jpg 300w, https:\/\/studioducommun.fr\/wp-content\/uploads\/2025\/04\/1_NAVETTE-768x543.jpg 768w\" sizes=\"auto, (max-width: 1000px) 100vw, 1000px\" \/><\/figure>\n\n\n\n<figure class=\"wp-block-image size-full\"><img loading=\"lazy\" decoding=\"async\" width=\"1000\" height=\"707\" src=\"https:\/\/studioducommun.fr\/wp-content\/uploads\/2025\/04\/2_NAVETTE.jpg\" alt=\"\" class=\"wp-image-147\" srcset=\"https:\/\/studioducommun.fr\/wp-content\/uploads\/2025\/04\/2_NAVETTE.jpg 1000w, https:\/\/studioducommun.fr\/wp-content\/uploads\/2025\/04\/2_NAVETTE-300x212.jpg 300w, https:\/\/studioducommun.fr\/wp-content\/uploads\/2025\/04\/2_NAVETTE-768x543.jpg 768w\" sizes=\"auto, (max-width: 1000px) 100vw, 1000px\" \/><\/figure>\n\n\n\n<figure class=\"wp-block-image size-full\"><img loading=\"lazy\" decoding=\"async\" width=\"1000\" height=\"707\" src=\"https:\/\/studioducommun.fr\/wp-content\/uploads\/2025\/04\/3_NAVETTE.jpg\" alt=\"\" class=\"wp-image-148\" srcset=\"https:\/\/studioducommun.fr\/wp-content\/uploads\/2025\/04\/3_NAVETTE.jpg 1000w, https:\/\/studioducommun.fr\/wp-content\/uploads\/2025\/04\/3_NAVETTE-300x212.jpg 300w, https:\/\/studioducommun.fr\/wp-content\/uploads\/2025\/04\/3_NAVETTE-768x543.jpg 768w\" sizes=\"auto, (max-width: 1000px) 100vw, 1000px\" \/><\/figure>\n\n\n\n<hr class=\"wp-block-separator has-alpha-channel-opacity\"\/>\n\n\n\n<h2 class=\"wp-block-heading\">Laval<\/h2>\n\n\n\n<p class=\"has-medium-font-size\">Programme : Extension d&rsquo;une maison de montagne<br>Mission : Esquisse \/ Permis<br>Ma\u00eetrise d&rsquo;ouvrage : Clients priv\u00e9s<br>Lieu : Laval-en-Belledonne<br>Surface : 175 m\u00b2<br>Co\u00fbt des travaux : inconnue<br>Etat : d\u00e9p\u00f4t 2021, projet abandonn\u00e9 en 2023<\/p>\n\n\n\n<figure class=\"wp-block-image size-full\"><img loading=\"lazy\" decoding=\"async\" width=\"1000\" height=\"707\" src=\"https:\/\/studioducommun.fr\/wp-content\/uploads\/2025\/04\/1_LAVAL.jpg\" alt=\"\" class=\"wp-image-198\" srcset=\"https:\/\/studioducommun.fr\/wp-content\/uploads\/2025\/04\/1_LAVAL.jpg 1000w, https:\/\/studioducommun.fr\/wp-content\/uploads\/2025\/04\/1_LAVAL-300x212.jpg 300w, https:\/\/studioducommun.fr\/wp-content\/uploads\/2025\/04\/1_LAVAL-768x543.jpg 768w\" sizes=\"auto, (max-width: 1000px) 100vw, 1000px\" \/><\/figure>\n\n\n\n<figure class=\"wp-block-image size-full\"><img loading=\"lazy\" decoding=\"async\" width=\"1000\" height=\"707\" src=\"https:\/\/studioducommun.fr\/wp-content\/uploads\/2025\/04\/2_LAVAL.jpg\" alt=\"\" class=\"wp-image-199\" srcset=\"https:\/\/studioducommun.fr\/wp-content\/uploads\/2025\/04\/2_LAVAL.jpg 1000w, https:\/\/studioducommun.fr\/wp-content\/uploads\/2025\/04\/2_LAVAL-300x212.jpg 300w, https:\/\/studioducommun.fr\/wp-content\/uploads\/2025\/04\/2_LAVAL-768x543.jpg 768w\" sizes=\"auto, (max-width: 1000px) 100vw, 1000px\" \/><\/figure>\n\n\n\n<figure class=\"wp-block-image size-full\"><img loading=\"lazy\" decoding=\"async\" width=\"1000\" height=\"707\" src=\"https:\/\/studioducommun.fr\/wp-content\/uploads\/2025\/04\/3_LAVAL.jpg\" alt=\"\" class=\"wp-image-200\" srcset=\"https:\/\/studioducommun.fr\/wp-content\/uploads\/2025\/04\/3_LAVAL.jpg 1000w, https:\/\/studioducommun.fr\/wp-content\/uploads\/2025\/04\/3_LAVAL-300x212.jpg 300w, https:\/\/studioducommun.fr\/wp-content\/uploads\/2025\/04\/3_LAVAL-768x543.jpg 768w\" sizes=\"auto, (max-width: 1000px) 100vw, 1000px\" \/><\/figure>\n\n\n\n<hr class=\"wp-block-separator has-alpha-channel-opacity\"\/>\n\n\n\n<h2 class=\"wp-block-heading\">Maison F<\/h2>\n\n\n\n<p class=\"has-medium-font-size\"><strong>Programme :<\/strong> Construction d&rsquo;une maison individuelle en extension de hangar agricole<br><strong>Mission :<\/strong> Ma\u00eetrise d\u2019\u0153uvre compl\u00e8te<br><strong>Ma\u00eetrise d&rsquo;ouvrage : <\/strong>Priv\u00e9<br><strong>Lieu :<\/strong> Venon, is\u00e8re<br><strong>Surface <\/strong>: 120 m\u00b2<br><strong>Co\u00fbt des travaux<\/strong> : 120 000 \u20ac hors finitions<br><strong>Etat :<\/strong> R\u00e9ceptionn\u00e9 novembre 2022<\/p>\n\n\n\n<figure class=\"wp-block-image size-full\"><img loading=\"lazy\" decoding=\"async\" width=\"1000\" height=\"707\" src=\"https:\/\/studioducommun.fr\/wp-content\/uploads\/2025\/04\/1_MAISON-F.jpg\" alt=\"\" class=\"wp-image-151\" srcset=\"https:\/\/studioducommun.fr\/wp-content\/uploads\/2025\/04\/1_MAISON-F.jpg 1000w, https:\/\/studioducommun.fr\/wp-content\/uploads\/2025\/04\/1_MAISON-F-300x212.jpg 300w, https:\/\/studioducommun.fr\/wp-content\/uploads\/2025\/04\/1_MAISON-F-768x543.jpg 768w\" sizes=\"auto, (max-width: 1000px) 100vw, 1000px\" \/><\/figure>\n\n\n\n<figure class=\"wp-block-image size-full\"><img loading=\"lazy\" decoding=\"async\" width=\"1000\" height=\"707\" src=\"https:\/\/studioducommun.fr\/wp-content\/uploads\/2025\/04\/2_MAISON-F.jpg\" alt=\"\" class=\"wp-image-152\" srcset=\"https:\/\/studioducommun.fr\/wp-content\/uploads\/2025\/04\/2_MAISON-F.jpg 1000w, https:\/\/studioducommun.fr\/wp-content\/uploads\/2025\/04\/2_MAISON-F-300x212.jpg 300w, https:\/\/studioducommun.fr\/wp-content\/uploads\/2025\/04\/2_MAISON-F-768x543.jpg 768w\" sizes=\"auto, (max-width: 1000px) 100vw, 1000px\" \/><\/figure>\n\n\n\n<figure class=\"wp-block-image size-full\"><img loading=\"lazy\" decoding=\"async\" width=\"1000\" height=\"707\" src=\"https:\/\/studioducommun.fr\/wp-content\/uploads\/2025\/04\/3_MAISON-F.jpg\" alt=\"\" class=\"wp-image-153\" srcset=\"https:\/\/studioducommun.fr\/wp-content\/uploads\/2025\/04\/3_MAISON-F.jpg 1000w, https:\/\/studioducommun.fr\/wp-content\/uploads\/2025\/04\/3_MAISON-F-300x212.jpg 300w, https:\/\/studioducommun.fr\/wp-content\/uploads\/2025\/04\/3_MAISON-F-768x543.jpg 768w\" sizes=\"auto, (max-width: 1000px) 100vw, 1000px\" \/><\/figure>\n\n\n\n<hr class=\"wp-block-separator has-alpha-channel-opacity\"\/>\n\n\n\n<h2 class=\"wp-block-heading\">Saint-Zacharie<\/h2>\n\n\n\n<p class=\"has-medium-font-size\">Programme : Sur\u00e9l\u00e9vation et d\u2019extension d\u2019une maison proven\u00e7ale<br>Mission : Esquisse \/ Permis<br>Collaboration : suivi de chantier Gauthier Oddo<br>Ma\u00eetrise d&rsquo;ouvrage : Clients priv\u00e9s<br>Lieu : Saint-Zacharie (83)<br>Surface : 197 m\u00b2<br>Co\u00fbt des travaux : 260 000\u20ac<br>Etat : d\u00e9p\u00f4t 2022, r\u00e9ception 2024<\/p>\n\n\n\n<figure class=\"wp-block-image size-full\"><img loading=\"lazy\" decoding=\"async\" width=\"1000\" height=\"707\" src=\"https:\/\/studioducommun.fr\/wp-content\/uploads\/2025\/04\/1_SAINT-ZACHARIE.jpg\" alt=\"\" class=\"wp-image-195\" srcset=\"https:\/\/studioducommun.fr\/wp-content\/uploads\/2025\/04\/1_SAINT-ZACHARIE.jpg 1000w, https:\/\/studioducommun.fr\/wp-content\/uploads\/2025\/04\/1_SAINT-ZACHARIE-300x212.jpg 300w, https:\/\/studioducommun.fr\/wp-content\/uploads\/2025\/04\/1_SAINT-ZACHARIE-768x543.jpg 768w\" sizes=\"auto, (max-width: 1000px) 100vw, 1000px\" \/><\/figure>\n\n\n\n<figure class=\"wp-block-image size-full\"><img loading=\"lazy\" decoding=\"async\" width=\"1000\" height=\"707\" src=\"https:\/\/studioducommun.fr\/wp-content\/uploads\/2025\/04\/2_SAINT-ZACHARIE.jpg\" alt=\"\" class=\"wp-image-196\" srcset=\"https:\/\/studioducommun.fr\/wp-content\/uploads\/2025\/04\/2_SAINT-ZACHARIE.jpg 1000w, https:\/\/studioducommun.fr\/wp-content\/uploads\/2025\/04\/2_SAINT-ZACHARIE-300x212.jpg 300w, https:\/\/studioducommun.fr\/wp-content\/uploads\/2025\/04\/2_SAINT-ZACHARIE-768x543.jpg 768w\" sizes=\"auto, (max-width: 1000px) 100vw, 1000px\" \/><\/figure>\n\n\n\n<figure class=\"wp-block-image size-full\"><img loading=\"lazy\" decoding=\"async\" width=\"1000\" height=\"707\" src=\"https:\/\/studioducommun.fr\/wp-content\/uploads\/2025\/04\/3_SAINT-ZACHARIE.jpg\" alt=\"\" class=\"wp-image-197\" srcset=\"https:\/\/studioducommun.fr\/wp-content\/uploads\/2025\/04\/3_SAINT-ZACHARIE.jpg 1000w, https:\/\/studioducommun.fr\/wp-content\/uploads\/2025\/04\/3_SAINT-ZACHARIE-300x212.jpg 300w, https:\/\/studioducommun.fr\/wp-content\/uploads\/2025\/04\/3_SAINT-ZACHARIE-768x543.jpg 768w\" sizes=\"auto, (max-width: 1000px) 100vw, 1000px\" \/><\/figure>\n\n\n\n<div class=\"wp-block-buttons is-content-justification-center is-layout-flex wp-container-core-buttons-is-layout-a89b3969 wp-block-buttons-is-layout-flex\">\n<div class=\"wp-block-button is-style-outline is-style-outline--1\"><a class=\"wp-block-button__link has-text-align-center wp-element-button\" href=\"https:\/\/studioducommun.fr\/index.php\/projets\/\">retour<\/a><\/div>\n<\/div>\n","protected":false},"excerpt":{"rendered":"<p>Le Luiset Programme : R\u00e9novation thermique d\u2019une maison existanteMission : compl\u00e8teMa\u00eetrise d&rsquo;ouvrage : Priv\u00e9Lieu : Saint Martin-d&rsquo;UriageCo\u00fbt des travaux : 150 000\u20ac HTEtat : R\u00e9ception d\u00e9but 2026 Les Rapeaux Programme : Extension de maison individuelleMission : ma\u00eetrise d&rsquo;oeuvre compl\u00e8teMa\u00eetrise d&rsquo;ouvrage : Priv\u00e9Lieu : Saint-Martin d&rsquo;UriageSurface : 22m\u00b2 emprise au solCo\u00fbt des travaux : 60 000 [&hellip;]<\/p>\n","protected":false},"author":1,"featured_media":0,"parent":60,"menu_order":0,"comment_status":"closed","ping_status":"closed","template":"","meta":{"footnotes":""},"class_list":["post-102","page","type-page","status-publish","hentry"],"_links":{"self":[{"href":"https:\/\/studioducommun.fr\/index.php\/wp-json\/wp\/v2\/pages\/102","targetHints":{"allow":["GET"]}}],"collection":[{"href":"https:\/\/studioducommun.fr\/index.php\/wp-json\/wp\/v2\/pages"}],"about":[{"href":"https:\/\/studioducommun.fr\/index.php\/wp-json\/wp\/v2\/types\/page"}],"author":[{"embeddable":true,"href":"https:\/\/studioducommun.fr\/index.php\/wp-json\/wp\/v2\/users\/1"}],"replies":[{"embeddable":true,"href":"https:\/\/studioducommun.fr\/index.php\/wp-json\/wp\/v2\/comments?post=102"}],"version-history":[{"count":16,"href":"https:\/\/studioducommun.fr\/index.php\/wp-json\/wp\/v2\/pages\/102\/revisions"}],"predecessor-version":[{"id":321,"href":"https:\/\/studioducommun.fr\/index.php\/wp-json\/wp\/v2\/pages\/102\/revisions\/321"}],"up":[{"embeddable":true,"href":"https:\/\/studioducommun.fr\/index.php\/wp-json\/wp\/v2\/pages\/60"}],"wp:attachment":[{"href":"https:\/\/studioducommun.fr\/index.php\/wp-json\/wp\/v2\/media?parent=102"}],"curies":[{"name":"wp","href":"https:\/\/api.w.org\/{rel}","templated":true}]}}