{"id":118,"date":"2025-04-15T19:51:08","date_gmt":"2025-04-15T17:51:08","guid":{"rendered":"https:\/\/studioducommun.fr\/?page_id=118"},"modified":"2026-03-17T20:11:34","modified_gmt":"2026-03-17T19:11:34","slug":"03_socioculturel","status":"publish","type":"page","link":"https:\/\/studioducommun.fr\/index.php\/projets\/03_socioculturel\/","title":{"rendered":"LIEUX COMMUNS"},"content":{"rendered":"\n<h2 class=\"wp-block-heading\">La laiterie Grenobloise<\/h2>\n\n\n\n<p class=\"has-medium-font-size\"><strong>Programme :<\/strong> Am\u00e9nagement d&rsquo;une laiterie-fromagerie<br>Mission : Complete<br>Ma\u00eetrise d&rsquo;ouvrage : Priv\u00e9<br>Lieu : Grenoble<br>Surface : 131 m2<br>Co\u00fbt des travaux : 185 000 \u20ac HT<br>\u00c9tat : r\u00e9ception fin 2025<\/p>\n\n\n\n<figure class=\"wp-block-image size-full\"><img loading=\"lazy\" decoding=\"async\" width=\"1000\" height=\"707\" src=\"https:\/\/studioducommun.fr\/wp-content\/uploads\/2026\/03\/1_LAITERIE.jpg\" alt=\"\" class=\"wp-image-329\" srcset=\"https:\/\/studioducommun.fr\/wp-content\/uploads\/2026\/03\/1_LAITERIE.jpg 1000w, https:\/\/studioducommun.fr\/wp-content\/uploads\/2026\/03\/1_LAITERIE-300x212.jpg 300w, https:\/\/studioducommun.fr\/wp-content\/uploads\/2026\/03\/1_LAITERIE-768x543.jpg 768w\" sizes=\"auto, (max-width: 1000px) 100vw, 1000px\" \/><\/figure>\n\n\n\n<figure class=\"wp-block-image size-full\"><img loading=\"lazy\" decoding=\"async\" width=\"1000\" height=\"707\" src=\"https:\/\/studioducommun.fr\/wp-content\/uploads\/2026\/03\/2_LAITERIE.jpg\" alt=\"\" class=\"wp-image-330\" srcset=\"https:\/\/studioducommun.fr\/wp-content\/uploads\/2026\/03\/2_LAITERIE.jpg 1000w, https:\/\/studioducommun.fr\/wp-content\/uploads\/2026\/03\/2_LAITERIE-300x212.jpg 300w, https:\/\/studioducommun.fr\/wp-content\/uploads\/2026\/03\/2_LAITERIE-768x543.jpg 768w\" sizes=\"auto, (max-width: 1000px) 100vw, 1000px\" \/><\/figure>\n\n\n\n<figure class=\"wp-block-image size-full\"><img loading=\"lazy\" decoding=\"async\" width=\"1000\" height=\"707\" src=\"https:\/\/studioducommun.fr\/wp-content\/uploads\/2026\/03\/3_LAITERIE.jpg\" alt=\"\" class=\"wp-image-331\" srcset=\"https:\/\/studioducommun.fr\/wp-content\/uploads\/2026\/03\/3_LAITERIE.jpg 1000w, https:\/\/studioducommun.fr\/wp-content\/uploads\/2026\/03\/3_LAITERIE-300x212.jpg 300w, https:\/\/studioducommun.fr\/wp-content\/uploads\/2026\/03\/3_LAITERIE-768x543.jpg 768w\" sizes=\"auto, (max-width: 1000px) 100vw, 1000px\" \/><\/figure>\n\n\n\n<hr class=\"wp-block-separator has-alpha-channel-opacity\"\/>\n\n\n\n<h2 class=\"wp-block-heading\">Le petit Bistro <\/h2>\n\n\n\n<p class=\"has-medium-font-size\"><strong>Programme :<\/strong> R\u00e9novation d\u2019un restaurant de village en Belledonne <br><strong>Mission :<\/strong> ESQ \/ APS \/ AT <br><strong>Ma\u00eetrise d&rsquo;ouvrage :<\/strong> restaurateurs, Scic Villages Vivants<br><strong>Lieu :<\/strong> Venon<br><strong>Surface : <\/strong>208 m2 emprise au sol<br><strong>Co\u00fbt des travaux : <\/strong>Autoconstruction<br><strong>Etat : <\/strong>d\u00e9but des travaux printemps 2025<\/p>\n\n\n\n<figure class=\"wp-block-image size-full\"><img loading=\"lazy\" decoding=\"async\" width=\"1000\" height=\"707\" src=\"https:\/\/studioducommun.fr\/wp-content\/uploads\/2026\/03\/1_PETITBISTROT.jpg\" alt=\"\" class=\"wp-image-325\" srcset=\"https:\/\/studioducommun.fr\/wp-content\/uploads\/2026\/03\/1_PETITBISTROT.jpg 1000w, https:\/\/studioducommun.fr\/wp-content\/uploads\/2026\/03\/1_PETITBISTROT-300x212.jpg 300w, https:\/\/studioducommun.fr\/wp-content\/uploads\/2026\/03\/1_PETITBISTROT-768x543.jpg 768w\" sizes=\"auto, (max-width: 1000px) 100vw, 1000px\" \/><\/figure>\n\n\n\n<figure class=\"wp-block-image size-full\"><img loading=\"lazy\" decoding=\"async\" width=\"1000\" height=\"707\" src=\"https:\/\/studioducommun.fr\/wp-content\/uploads\/2026\/03\/2_PETITBISTROT.jpg\" alt=\"\" class=\"wp-image-326\" srcset=\"https:\/\/studioducommun.fr\/wp-content\/uploads\/2026\/03\/2_PETITBISTROT.jpg 1000w, https:\/\/studioducommun.fr\/wp-content\/uploads\/2026\/03\/2_PETITBISTROT-300x212.jpg 300w, https:\/\/studioducommun.fr\/wp-content\/uploads\/2026\/03\/2_PETITBISTROT-768x543.jpg 768w\" sizes=\"auto, (max-width: 1000px) 100vw, 1000px\" \/><\/figure>\n\n\n\n<figure class=\"wp-block-image size-full\"><img loading=\"lazy\" decoding=\"async\" width=\"1000\" height=\"707\" src=\"https:\/\/studioducommun.fr\/wp-content\/uploads\/2025\/04\/3_PETITBISTROT.jpg\" alt=\"\" class=\"wp-image-158\" srcset=\"https:\/\/studioducommun.fr\/wp-content\/uploads\/2025\/04\/3_PETITBISTROT.jpg 1000w, https:\/\/studioducommun.fr\/wp-content\/uploads\/2025\/04\/3_PETITBISTROT-300x212.jpg 300w, https:\/\/studioducommun.fr\/wp-content\/uploads\/2025\/04\/3_PETITBISTROT-768x543.jpg 768w\" sizes=\"auto, (max-width: 1000px) 100vw, 1000px\" \/><\/figure>\n\n\n\n<hr class=\"wp-block-separator has-alpha-channel-opacity\"\/>\n\n\n\n<h2 class=\"wp-block-heading\">Le Beaumonde<\/h2>\n\n\n\n<p class=\"has-medium-font-size\"><strong>Programme :<\/strong> R\u00e9habilitation d\u2019une ancienne chapelle en lieu inter-associatif<br><strong>Mission :<\/strong> ESQ \/APS \/APD \/ PC ERP<br><strong>Ma\u00eetrise d&rsquo;ouvrage :<\/strong> Association L&rsquo;ENTRE, Scic Villages Vivants<br><strong>Lieu :<\/strong> La Mure<br><strong>Surface : <\/strong>436 m2 surface utile <br><strong>Co\u00fbt des travaux : <\/strong>435 000\u20ac HT + chantiers \u00e9cole<br><strong>Etat : <\/strong>d\u00e9p\u00f4t du Permis au printemps 2025<\/p>\n\n\n\n<figure class=\"wp-block-image size-full\"><img loading=\"lazy\" decoding=\"async\" width=\"1000\" height=\"707\" src=\"https:\/\/studioducommun.fr\/wp-content\/uploads\/2025\/04\/1_BEAUMONDE.jpg\" alt=\"\" class=\"wp-image-120\" srcset=\"https:\/\/studioducommun.fr\/wp-content\/uploads\/2025\/04\/1_BEAUMONDE.jpg 1000w, https:\/\/studioducommun.fr\/wp-content\/uploads\/2025\/04\/1_BEAUMONDE-300x212.jpg 300w, https:\/\/studioducommun.fr\/wp-content\/uploads\/2025\/04\/1_BEAUMONDE-768x543.jpg 768w\" sizes=\"auto, (max-width: 1000px) 100vw, 1000px\" \/><\/figure>\n\n\n\n<figure class=\"wp-block-image size-full\"><img loading=\"lazy\" decoding=\"async\" width=\"1000\" height=\"707\" src=\"https:\/\/studioducommun.fr\/wp-content\/uploads\/2025\/04\/2_BEAUMONDE.jpg\" alt=\"\" class=\"wp-image-121\" srcset=\"https:\/\/studioducommun.fr\/wp-content\/uploads\/2025\/04\/2_BEAUMONDE.jpg 1000w, https:\/\/studioducommun.fr\/wp-content\/uploads\/2025\/04\/2_BEAUMONDE-300x212.jpg 300w, https:\/\/studioducommun.fr\/wp-content\/uploads\/2025\/04\/2_BEAUMONDE-768x543.jpg 768w\" sizes=\"auto, (max-width: 1000px) 100vw, 1000px\" \/><\/figure>\n\n\n\n<figure class=\"wp-block-image size-full\"><img loading=\"lazy\" decoding=\"async\" width=\"1000\" height=\"707\" src=\"https:\/\/studioducommun.fr\/wp-content\/uploads\/2025\/02\/3_BEAUMONDE.jpg\" alt=\"\" class=\"wp-image-117\" srcset=\"https:\/\/studioducommun.fr\/wp-content\/uploads\/2025\/02\/3_BEAUMONDE.jpg 1000w, https:\/\/studioducommun.fr\/wp-content\/uploads\/2025\/02\/3_BEAUMONDE-300x212.jpg 300w, https:\/\/studioducommun.fr\/wp-content\/uploads\/2025\/02\/3_BEAUMONDE-768x543.jpg 768w\" sizes=\"auto, (max-width: 1000px) 100vw, 1000px\" \/><\/figure>\n\n\n\n<hr class=\"wp-block-separator has-alpha-channel-opacity\"\/>\n\n\n\n<h2 class=\"wp-block-heading\">Th\u00e9\u00e2tre  de l\u2019\u0153uvre <\/h2>\n\n\n\n<p class=\"has-medium-font-size\">Programme : Am\u00e9nagement des \u00e9tages sup\u00e9rieurs d\u2019un th\u00e9\u00e2tre en r\u00e9sidence artistique<br>Mission : Faisabilit\u00e9 \/ Programmation<br>Ma\u00eetrise d&rsquo;ouvrage : Association la Paix<br>Lieu : Marseille<br>Surface : 350 m2 habitable<br>Co\u00fbt des travaux : 300 000\u20ac HT<br>Etat : activation de recherche de financement 2022<\/p>\n\n\n\n<figure class=\"wp-block-image size-full\"><img loading=\"lazy\" decoding=\"async\" width=\"1000\" height=\"707\" src=\"https:\/\/studioducommun.fr\/wp-content\/uploads\/2025\/04\/1_LOEUVRE.jpg\" alt=\"\" class=\"wp-image-160\" srcset=\"https:\/\/studioducommun.fr\/wp-content\/uploads\/2025\/04\/1_LOEUVRE.jpg 1000w, https:\/\/studioducommun.fr\/wp-content\/uploads\/2025\/04\/1_LOEUVRE-300x212.jpg 300w, https:\/\/studioducommun.fr\/wp-content\/uploads\/2025\/04\/1_LOEUVRE-768x543.jpg 768w\" sizes=\"auto, (max-width: 1000px) 100vw, 1000px\" \/><\/figure>\n\n\n\n<figure class=\"wp-block-image size-full\"><img loading=\"lazy\" decoding=\"async\" width=\"1000\" height=\"707\" src=\"https:\/\/studioducommun.fr\/wp-content\/uploads\/2025\/04\/2_LOEUVRE.jpg\" alt=\"\" class=\"wp-image-161\" srcset=\"https:\/\/studioducommun.fr\/wp-content\/uploads\/2025\/04\/2_LOEUVRE.jpg 1000w, https:\/\/studioducommun.fr\/wp-content\/uploads\/2025\/04\/2_LOEUVRE-300x212.jpg 300w, https:\/\/studioducommun.fr\/wp-content\/uploads\/2025\/04\/2_LOEUVRE-768x543.jpg 768w\" sizes=\"auto, (max-width: 1000px) 100vw, 1000px\" \/><\/figure>\n\n\n\n<figure class=\"wp-block-image size-full\"><img loading=\"lazy\" decoding=\"async\" width=\"1000\" height=\"707\" src=\"https:\/\/studioducommun.fr\/wp-content\/uploads\/2025\/04\/3_LOEUVRE.jpg\" alt=\"\" class=\"wp-image-162\" srcset=\"https:\/\/studioducommun.fr\/wp-content\/uploads\/2025\/04\/3_LOEUVRE.jpg 1000w, https:\/\/studioducommun.fr\/wp-content\/uploads\/2025\/04\/3_LOEUVRE-300x212.jpg 300w, https:\/\/studioducommun.fr\/wp-content\/uploads\/2025\/04\/3_LOEUVRE-768x543.jpg 768w\" sizes=\"auto, (max-width: 1000px) 100vw, 1000px\" \/><\/figure>\n\n\n\n<hr class=\"wp-block-separator has-alpha-channel-opacity\"\/>\n\n\n\n<h2 class=\"wp-block-heading\">Gite de Boffres<\/h2>\n\n\n\n<p class=\"has-medium-font-size\">Programme : Am\u00e9nagement des \u00e9tages sup\u00e9rieurs d\u2019une ancienne auberge en logements<br>Mission : ESQ \/ APS <br>Ma\u00eetrise d&rsquo;ouvrage : Scic Villages Vivants<br>Lieu : Boffres (07)<br>Surface : 226 m2 habitable<br>Co\u00fbt des travaux : estimation 264 000\u20ac<br>Etat : 2020 Esquisse \/ 2024 Reprise du projet par VV<\/p>\n\n\n\n<figure class=\"wp-block-image size-full\"><img loading=\"lazy\" decoding=\"async\" width=\"1000\" height=\"707\" src=\"https:\/\/studioducommun.fr\/wp-content\/uploads\/2025\/05\/1_GITES-BOFFRES.jpg\" alt=\"\" class=\"wp-image-203\" srcset=\"https:\/\/studioducommun.fr\/wp-content\/uploads\/2025\/05\/1_GITES-BOFFRES.jpg 1000w, https:\/\/studioducommun.fr\/wp-content\/uploads\/2025\/05\/1_GITES-BOFFRES-300x212.jpg 300w, https:\/\/studioducommun.fr\/wp-content\/uploads\/2025\/05\/1_GITES-BOFFRES-768x543.jpg 768w\" sizes=\"auto, (max-width: 1000px) 100vw, 1000px\" \/><\/figure>\n\n\n\n<figure class=\"wp-block-image size-full\"><img loading=\"lazy\" decoding=\"async\" width=\"1000\" height=\"707\" src=\"https:\/\/studioducommun.fr\/wp-content\/uploads\/2025\/05\/2_GITES-BOFFRES.jpg\" alt=\"\" class=\"wp-image-204\" srcset=\"https:\/\/studioducommun.fr\/wp-content\/uploads\/2025\/05\/2_GITES-BOFFRES.jpg 1000w, https:\/\/studioducommun.fr\/wp-content\/uploads\/2025\/05\/2_GITES-BOFFRES-300x212.jpg 300w, https:\/\/studioducommun.fr\/wp-content\/uploads\/2025\/05\/2_GITES-BOFFRES-768x543.jpg 768w\" sizes=\"auto, (max-width: 1000px) 100vw, 1000px\" \/><\/figure>\n\n\n\n<hr class=\"wp-block-separator has-alpha-channel-opacity\"\/>\n\n\n\n<h2 class=\"wp-block-heading\">Restaurant de l&rsquo;Oratoire<\/h2>\n\n\n\n<p class=\"has-medium-font-size\">Programme : Cr\u00e9ation d&rsquo;une cuisine professionnelle dans l&rsquo;ancien h\u00f4pital St Vincent de Paul<br>Mission : ESQ \/ EXE \/ suivi de chantier<br>Ma\u00eetrise d&rsquo;ouvrage : Association Yes We Camp<br>Lieu : les Grands Voisins &#8211; Paris<br>Surface : 300 m2 habitable<br>Co\u00fbt des travaux : 46 000 \u20ac (hors salaires YWC)<br>Etat : R\u00e9ceptionn\u00e9 en 2018<\/p>\n\n\n\n<figure class=\"wp-block-image size-full\"><img loading=\"lazy\" decoding=\"async\" width=\"1000\" height=\"707\" src=\"https:\/\/studioducommun.fr\/wp-content\/uploads\/2025\/05\/1_ORATOIRE.jpg\" alt=\"\" class=\"wp-image-205\" srcset=\"https:\/\/studioducommun.fr\/wp-content\/uploads\/2025\/05\/1_ORATOIRE.jpg 1000w, https:\/\/studioducommun.fr\/wp-content\/uploads\/2025\/05\/1_ORATOIRE-300x212.jpg 300w, https:\/\/studioducommun.fr\/wp-content\/uploads\/2025\/05\/1_ORATOIRE-768x543.jpg 768w\" sizes=\"auto, (max-width: 1000px) 100vw, 1000px\" \/><\/figure>\n\n\n\n<figure class=\"wp-block-image size-full\"><img loading=\"lazy\" decoding=\"async\" width=\"1000\" height=\"707\" src=\"https:\/\/studioducommun.fr\/wp-content\/uploads\/2025\/05\/2_ORATOIRE.jpg\" alt=\"\" class=\"wp-image-206\" srcset=\"https:\/\/studioducommun.fr\/wp-content\/uploads\/2025\/05\/2_ORATOIRE.jpg 1000w, https:\/\/studioducommun.fr\/wp-content\/uploads\/2025\/05\/2_ORATOIRE-300x212.jpg 300w, https:\/\/studioducommun.fr\/wp-content\/uploads\/2025\/05\/2_ORATOIRE-768x543.jpg 768w\" sizes=\"auto, (max-width: 1000px) 100vw, 1000px\" \/><\/figure>\n\n\n\n<figure class=\"wp-block-image size-full\"><img loading=\"lazy\" decoding=\"async\" width=\"1000\" height=\"707\" src=\"https:\/\/studioducommun.fr\/wp-content\/uploads\/2025\/05\/3_ORATOIRE.jpg\" alt=\"\" class=\"wp-image-207\" srcset=\"https:\/\/studioducommun.fr\/wp-content\/uploads\/2025\/05\/3_ORATOIRE.jpg 1000w, https:\/\/studioducommun.fr\/wp-content\/uploads\/2025\/05\/3_ORATOIRE-300x212.jpg 300w, https:\/\/studioducommun.fr\/wp-content\/uploads\/2025\/05\/3_ORATOIRE-768x543.jpg 768w\" sizes=\"auto, (max-width: 1000px) 100vw, 1000px\" \/><\/figure>\n\n\n\n<hr class=\"wp-block-separator has-alpha-channel-opacity\"\/>\n\n\n\n<h2 class=\"wp-block-heading\">Bar de la lingerie<\/h2>\n\n\n\n<p class=\"has-medium-font-size\">Programme : R\u00e9novation d&rsquo;une salle de concert dans l&rsquo;ancien h\u00f4pital St Vincent de Paul<br>Mission : ESQ \/ EXE \/ suivi de chantier<br>Ma\u00eetrise d&rsquo;ouvrage : Association Yes We Camp<br>Lieu : les Grands Voisins &#8211; Paris<br>Surface : 250 m2 habitable<br>Co\u00fbt des travaux : 40 750 \u20ac (hors salaires YWC)<br>Etat : R\u00e9ceptionn\u00e9 en 2018<\/p>\n\n\n\n<figure class=\"wp-block-image size-full\"><img loading=\"lazy\" decoding=\"async\" width=\"1000\" height=\"707\" src=\"https:\/\/studioducommun.fr\/wp-content\/uploads\/2025\/05\/1_LINGERIE.jpg\" alt=\"\" class=\"wp-image-208\" srcset=\"https:\/\/studioducommun.fr\/wp-content\/uploads\/2025\/05\/1_LINGERIE.jpg 1000w, https:\/\/studioducommun.fr\/wp-content\/uploads\/2025\/05\/1_LINGERIE-300x212.jpg 300w, https:\/\/studioducommun.fr\/wp-content\/uploads\/2025\/05\/1_LINGERIE-768x543.jpg 768w\" sizes=\"auto, (max-width: 1000px) 100vw, 1000px\" \/><\/figure>\n\n\n\n<figure class=\"wp-block-image size-full\"><img loading=\"lazy\" decoding=\"async\" width=\"1000\" height=\"707\" src=\"https:\/\/studioducommun.fr\/wp-content\/uploads\/2025\/05\/2_LINGERIE.jpg\" alt=\"\" class=\"wp-image-209\" srcset=\"https:\/\/studioducommun.fr\/wp-content\/uploads\/2025\/05\/2_LINGERIE.jpg 1000w, https:\/\/studioducommun.fr\/wp-content\/uploads\/2025\/05\/2_LINGERIE-300x212.jpg 300w, https:\/\/studioducommun.fr\/wp-content\/uploads\/2025\/05\/2_LINGERIE-768x543.jpg 768w\" sizes=\"auto, (max-width: 1000px) 100vw, 1000px\" \/><\/figure>\n\n\n\n<figure class=\"wp-block-image size-full\"><img loading=\"lazy\" decoding=\"async\" width=\"1000\" height=\"707\" src=\"https:\/\/studioducommun.fr\/wp-content\/uploads\/2025\/05\/3_LINGERIE.jpg\" alt=\"\" class=\"wp-image-210\" srcset=\"https:\/\/studioducommun.fr\/wp-content\/uploads\/2025\/05\/3_LINGERIE.jpg 1000w, https:\/\/studioducommun.fr\/wp-content\/uploads\/2025\/05\/3_LINGERIE-300x212.jpg 300w, https:\/\/studioducommun.fr\/wp-content\/uploads\/2025\/05\/3_LINGERIE-768x543.jpg 768w\" sizes=\"auto, (max-width: 1000px) 100vw, 1000px\" \/><\/figure>\n\n\n\n<div class=\"wp-block-buttons is-content-justification-center is-layout-flex wp-container-core-buttons-is-layout-a89b3969 wp-block-buttons-is-layout-flex\">\n<div class=\"wp-block-button is-style-outline is-style-outline--1\"><a class=\"wp-block-button__link has-text-align-center wp-element-button\" href=\"https:\/\/studioducommun.fr\/index.php\/projets\/\">retour<\/a><\/div>\n<\/div>\n","protected":false},"excerpt":{"rendered":"<p>La laiterie Grenobloise Programme : Am\u00e9nagement d&rsquo;une laiterie-fromagerieMission : CompleteMa\u00eetrise d&rsquo;ouvrage : Priv\u00e9Lieu : GrenobleSurface : 131 m2Co\u00fbt des travaux : 185 000 \u20ac HT\u00c9tat : r\u00e9ception fin 2025 Le petit Bistro Programme : R\u00e9novation d\u2019un restaurant de village en Belledonne Mission : ESQ \/ APS \/ AT Ma\u00eetrise d&rsquo;ouvrage : restaurateurs, Scic Villages VivantsLieu [&hellip;]<\/p>\n","protected":false},"author":1,"featured_media":0,"parent":60,"menu_order":0,"comment_status":"closed","ping_status":"closed","template":"","meta":{"footnotes":""},"class_list":["post-118","page","type-page","status-publish","hentry"],"_links":{"self":[{"href":"https:\/\/studioducommun.fr\/index.php\/wp-json\/wp\/v2\/pages\/118","targetHints":{"allow":["GET"]}}],"collection":[{"href":"https:\/\/studioducommun.fr\/index.php\/wp-json\/wp\/v2\/pages"}],"about":[{"href":"https:\/\/studioducommun.fr\/index.php\/wp-json\/wp\/v2\/types\/page"}],"author":[{"embeddable":true,"href":"https:\/\/studioducommun.fr\/index.php\/wp-json\/wp\/v2\/users\/1"}],"replies":[{"embeddable":true,"href":"https:\/\/studioducommun.fr\/index.php\/wp-json\/wp\/v2\/comments?post=118"}],"version-history":[{"count":15,"href":"https:\/\/studioducommun.fr\/index.php\/wp-json\/wp\/v2\/pages\/118\/revisions"}],"predecessor-version":[{"id":333,"href":"https:\/\/studioducommun.fr\/index.php\/wp-json\/wp\/v2\/pages\/118\/revisions\/333"}],"up":[{"embeddable":true,"href":"https:\/\/studioducommun.fr\/index.php\/wp-json\/wp\/v2\/pages\/60"}],"wp:attachment":[{"href":"https:\/\/studioducommun.fr\/index.php\/wp-json\/wp\/v2\/media?parent=118"}],"curies":[{"name":"wp","href":"https:\/\/api.w.org\/{rel}","templated":true}]}}