{"id":288,"date":"2025-10-17T14:15:09","date_gmt":"2025-10-17T12:15:09","guid":{"rendered":"https:\/\/studioducommun.fr\/?page_id=288"},"modified":"2025-10-17T16:18:01","modified_gmt":"2025-10-17T14:18:01","slug":"reemploi-de-materiaux","status":"publish","type":"page","link":"https:\/\/studioducommun.fr\/index.php\/reemploi-de-materiaux\/","title":{"rendered":"R\u00c9EMPLOI DE MAT\u00c9RIAUX"},"content":{"rendered":"\n<h2 class=\"wp-block-heading\">les Voix du Re\u0301emploi<\/h2>\n\n\n\n<p class=\"has-medium-font-size\">Programme : Projet pilote pour supports vid\u00e9os p\u00e9dagogiques  de retours d&rsquo;exp\u00e9riences <br>Mission : Ecriture \/ Interview \/ Communication \/ Recherche de financement<br>Commande : <a href=\"https:\/\/www.bellastock.com\/\" data-type=\"link\" data-id=\"https:\/\/www.bellastock.com\/\">Bellastock<\/a><br>Partenaire : <a href=\"https:\/\/sprec.fr\/\" data-type=\"link\" data-id=\"https:\/\/sprec.fr\/\">SPREC (Syndicat Professionnel du R\u00e9emploi)<\/a><br>Lieu : Les Grands Ateliers &#8211; Villefontaine<br>Dur\u00e9e : 20 min<br>\u00c9tat : visible sur <a href=\"https:\/\/youtu.be\/3POSKSOsL9k\" data-type=\"link\" data-id=\"https:\/\/youtu.be\/3POSKSOsL9k\"><strong><em><mark style=\"background-color:rgba(0, 0, 0, 0)\" class=\"has-inline-color has-accent-3-color\">youtube<\/mark><\/em><\/strong><\/a><\/p>\n\n\n\n<figure class=\"wp-block-image size-full\"><img loading=\"lazy\" decoding=\"async\" width=\"1000\" height=\"707\" src=\"https:\/\/studioducommun.fr\/wp-content\/uploads\/2025\/10\/1_voixreemploi.jpg\" alt=\"\" class=\"wp-image-291\" srcset=\"https:\/\/studioducommun.fr\/wp-content\/uploads\/2025\/10\/1_voixreemploi.jpg 1000w, https:\/\/studioducommun.fr\/wp-content\/uploads\/2025\/10\/1_voixreemploi-300x212.jpg 300w, https:\/\/studioducommun.fr\/wp-content\/uploads\/2025\/10\/1_voixreemploi-768x543.jpg 768w\" sizes=\"auto, (max-width: 1000px) 100vw, 1000px\" \/><\/figure>\n\n\n\n<figure class=\"wp-block-image size-full\"><img loading=\"lazy\" decoding=\"async\" width=\"1000\" height=\"707\" src=\"https:\/\/studioducommun.fr\/wp-content\/uploads\/2025\/10\/2_voixreemploi.jpg\" alt=\"\" class=\"wp-image-292\" srcset=\"https:\/\/studioducommun.fr\/wp-content\/uploads\/2025\/10\/2_voixreemploi.jpg 1000w, https:\/\/studioducommun.fr\/wp-content\/uploads\/2025\/10\/2_voixreemploi-300x212.jpg 300w, https:\/\/studioducommun.fr\/wp-content\/uploads\/2025\/10\/2_voixreemploi-768x543.jpg 768w\" sizes=\"auto, (max-width: 1000px) 100vw, 1000px\" \/><\/figure>\n\n\n\n<figure class=\"wp-block-image size-full\"><img loading=\"lazy\" decoding=\"async\" width=\"1000\" height=\"707\" src=\"https:\/\/studioducommun.fr\/wp-content\/uploads\/2025\/10\/3_voixreemploi.jpg\" alt=\"\" class=\"wp-image-293\" srcset=\"https:\/\/studioducommun.fr\/wp-content\/uploads\/2025\/10\/3_voixreemploi.jpg 1000w, https:\/\/studioducommun.fr\/wp-content\/uploads\/2025\/10\/3_voixreemploi-300x212.jpg 300w, https:\/\/studioducommun.fr\/wp-content\/uploads\/2025\/10\/3_voixreemploi-768x543.jpg 768w\" sizes=\"auto, (max-width: 1000px) 100vw, 1000px\" \/><\/figure>\n\n\n\n<hr class=\"wp-block-separator has-alpha-channel-opacity\"\/>\n\n\n\n<h2 class=\"wp-block-heading\">Azimuts 1 et 2<\/h2>\n\n\n\n<p class=\"has-medium-font-size\">Programme : Sc\u00e9nographie pour le congr\u00e8s HLM 2022 + Am\u00e9nagement d\u2019un tiers lieux en 2023. <br>Mission : ESQ \/ EXE \/ suivi de chantier<br>Ma\u00eetrise d&rsquo;ouvrage : AURA HLM<br>Lieu : Eurexpo \u2013 Lyon<br>Surface : 400 m2<br>Co\u00fbt des travaux : 70 000 \u20ac<br>Date : R\u00e9ceptionn\u00e9 en 2023<br>Prix \u00e9conomis\u00e9 estim\u00e9 : +20 000 \u20ac<br>D\u00e9chet \u00e9conomis\u00e9 : 5000 kg<br>\u00c9tat : visible sur <strong><mark style=\"background-color:rgba(0, 0, 0, 0)\" class=\"has-inline-color has-accent-3-color\"><em><a href=\"https:\/\/www.youtube.com\/watch?v=VZwZrlekfig\" data-type=\"link\" data-id=\"https:\/\/www.youtube.com\/watch?v=VZwZrlekfig\">youtube<\/a><\/em><\/mark><\/strong><\/p>\n\n\n\n<figure class=\"wp-block-image size-full\"><img loading=\"lazy\" decoding=\"async\" width=\"1000\" height=\"707\" src=\"https:\/\/studioducommun.fr\/wp-content\/uploads\/2025\/10\/1_azimut.jpg\" alt=\"\" class=\"wp-image-302\" srcset=\"https:\/\/studioducommun.fr\/wp-content\/uploads\/2025\/10\/1_azimut.jpg 1000w, https:\/\/studioducommun.fr\/wp-content\/uploads\/2025\/10\/1_azimut-300x212.jpg 300w, https:\/\/studioducommun.fr\/wp-content\/uploads\/2025\/10\/1_azimut-768x543.jpg 768w\" sizes=\"auto, (max-width: 1000px) 100vw, 1000px\" \/><\/figure>\n\n\n\n<figure class=\"wp-block-image size-full\"><img loading=\"lazy\" decoding=\"async\" width=\"1000\" height=\"707\" src=\"https:\/\/studioducommun.fr\/wp-content\/uploads\/2025\/10\/2_azimut.jpg\" alt=\"\" class=\"wp-image-303\" srcset=\"https:\/\/studioducommun.fr\/wp-content\/uploads\/2025\/10\/2_azimut.jpg 1000w, https:\/\/studioducommun.fr\/wp-content\/uploads\/2025\/10\/2_azimut-300x212.jpg 300w, https:\/\/studioducommun.fr\/wp-content\/uploads\/2025\/10\/2_azimut-768x543.jpg 768w\" sizes=\"auto, (max-width: 1000px) 100vw, 1000px\" \/><\/figure>\n\n\n\n<figure class=\"wp-block-image size-full\"><img loading=\"lazy\" decoding=\"async\" width=\"1000\" height=\"707\" src=\"https:\/\/studioducommun.fr\/wp-content\/uploads\/2025\/10\/3_azimut.jpg\" alt=\"\" class=\"wp-image-304\" srcset=\"https:\/\/studioducommun.fr\/wp-content\/uploads\/2025\/10\/3_azimut.jpg 1000w, https:\/\/studioducommun.fr\/wp-content\/uploads\/2025\/10\/3_azimut-300x212.jpg 300w, https:\/\/studioducommun.fr\/wp-content\/uploads\/2025\/10\/3_azimut-768x543.jpg 768w\" sizes=\"auto, (max-width: 1000px) 100vw, 1000px\" \/><\/figure>\n\n\n\n<hr class=\"wp-block-separator has-alpha-channel-opacity\"\/>\n\n\n\n<h2 class=\"wp-block-heading\">Festival Cap Fada<\/h2>\n\n\n\n<p class=\"has-medium-font-size\">Programme : sc\u00e9nographie d&rsquo;un festival pour la ville de Martigue<br>Mission : ESQ \/ EXE \/ suivi de chantier \/ R\u00e9gis<br>Ma\u00eetrise d&rsquo;ouvrage : Association Yes We Camp<br>Lieu : Martigues<br>Surface : 500 m2<br>Co\u00fbt des travaux : 14 000 \u20ac<br>Date :2021<br>Prix \u00e9conomis\u00e9 : 5300 \u20ac<br>D\u00e9chet \u00e9conomis\u00e9 : 1800 kg<br>Informations : <a href=\"https:\/\/yeswecamp.org\/cap-fada-3\/\" data-type=\"link\" data-id=\"https:\/\/yeswecamp.org\/cap-fada-3\/\">site de Yes We Camp<\/a><br>\u00c9tat : visible sur <strong><em><a href=\"https:\/\/www.youtube.com\/watch?v=uOoFwjDNoNo&amp;t=324s\" data-type=\"link\" data-id=\"https:\/\/www.youtube.com\/watch?v=uOoFwjDNoNo&amp;t=324s\"><mark style=\"background-color:rgba(0, 0, 0, 0)\" class=\"has-inline-color has-accent-3-color\">youtube<\/mark><\/a><\/em><\/strong><\/p>\n\n\n\n<figure class=\"wp-block-image size-full\"><img loading=\"lazy\" decoding=\"async\" width=\"1000\" height=\"707\" src=\"https:\/\/studioducommun.fr\/wp-content\/uploads\/2025\/10\/1_Cap-Fada.jpg\" alt=\"\" class=\"wp-image-308\" srcset=\"https:\/\/studioducommun.fr\/wp-content\/uploads\/2025\/10\/1_Cap-Fada.jpg 1000w, https:\/\/studioducommun.fr\/wp-content\/uploads\/2025\/10\/1_Cap-Fada-300x212.jpg 300w, https:\/\/studioducommun.fr\/wp-content\/uploads\/2025\/10\/1_Cap-Fada-768x543.jpg 768w\" sizes=\"auto, (max-width: 1000px) 100vw, 1000px\" \/><\/figure>\n\n\n\n<figure class=\"wp-block-image size-full\"><img loading=\"lazy\" decoding=\"async\" width=\"1000\" height=\"707\" src=\"https:\/\/studioducommun.fr\/wp-content\/uploads\/2025\/10\/2_Cap-Fada.jpg\" alt=\"\" class=\"wp-image-309\" srcset=\"https:\/\/studioducommun.fr\/wp-content\/uploads\/2025\/10\/2_Cap-Fada.jpg 1000w, https:\/\/studioducommun.fr\/wp-content\/uploads\/2025\/10\/2_Cap-Fada-300x212.jpg 300w, https:\/\/studioducommun.fr\/wp-content\/uploads\/2025\/10\/2_Cap-Fada-768x543.jpg 768w\" sizes=\"auto, (max-width: 1000px) 100vw, 1000px\" \/><\/figure>\n\n\n\n<figure class=\"wp-block-image size-full\"><img loading=\"lazy\" decoding=\"async\" width=\"1000\" height=\"707\" src=\"https:\/\/studioducommun.fr\/wp-content\/uploads\/2025\/10\/3_Cap-Fada.jpg\" alt=\"\" class=\"wp-image-310\" srcset=\"https:\/\/studioducommun.fr\/wp-content\/uploads\/2025\/10\/3_Cap-Fada.jpg 1000w, https:\/\/studioducommun.fr\/wp-content\/uploads\/2025\/10\/3_Cap-Fada-300x212.jpg 300w, https:\/\/studioducommun.fr\/wp-content\/uploads\/2025\/10\/3_Cap-Fada-768x543.jpg 768w\" sizes=\"auto, (max-width: 1000px) 100vw, 1000px\" \/><\/figure>\n\n\n\n<hr class=\"wp-block-separator has-alpha-channel-opacity\"\/>\n\n\n\n<h2 class=\"wp-block-heading\">Base vie \u2013 parc Foresta<\/h2>\n\n\n\n<p class=\"has-medium-font-size\">Programme : Cr\u00e9ation d\u2019am\u00e9nagements ext\u00e9rieur en bois de r\u00e9emploi exotique.<br>D\u00e9pose dans la halle d\u2019un garage Peugeot avant d\u00e9molition.<br>Transformation d\u2019une friche des quartiers nord en projet de parc urbain.<br>Mission : ESQ \/ EXE \/ suivi de chantier<br>Ma\u00eetrise d&rsquo;ouvrage : association Yes We Camp<br>Lieu : Marseille<br>Surface : 170 m2<br>Co\u00fbt des travaux : 92 000\u20ac<br>Date : R\u00e9ceptionn\u00e9 en 2019<br>Prix \u00e9conomis\u00e9 estim\u00e9 : 15 000 \u20ac<br>Informations : <em><mark style=\"background-color:rgba(0, 0, 0, 0)\" class=\"has-inline-color has-accent-3-color\">site internet YWC<\/mark><\/em> <\/p>\n\n\n\n<figure class=\"wp-block-image size-full\"><img loading=\"lazy\" decoding=\"async\" width=\"1000\" height=\"707\" src=\"https:\/\/studioducommun.fr\/wp-content\/uploads\/2025\/10\/1_foresta.jpg\" alt=\"\" class=\"wp-image-305\" srcset=\"https:\/\/studioducommun.fr\/wp-content\/uploads\/2025\/10\/1_foresta.jpg 1000w, https:\/\/studioducommun.fr\/wp-content\/uploads\/2025\/10\/1_foresta-300x212.jpg 300w, https:\/\/studioducommun.fr\/wp-content\/uploads\/2025\/10\/1_foresta-768x543.jpg 768w\" sizes=\"auto, (max-width: 1000px) 100vw, 1000px\" \/><\/figure>\n\n\n\n<figure class=\"wp-block-image size-full\"><img loading=\"lazy\" decoding=\"async\" width=\"1000\" height=\"707\" src=\"https:\/\/studioducommun.fr\/wp-content\/uploads\/2025\/10\/2_foresta.jpg\" alt=\"\" class=\"wp-image-306\" srcset=\"https:\/\/studioducommun.fr\/wp-content\/uploads\/2025\/10\/2_foresta.jpg 1000w, https:\/\/studioducommun.fr\/wp-content\/uploads\/2025\/10\/2_foresta-300x212.jpg 300w, https:\/\/studioducommun.fr\/wp-content\/uploads\/2025\/10\/2_foresta-768x543.jpg 768w\" sizes=\"auto, (max-width: 1000px) 100vw, 1000px\" \/><\/figure>\n\n\n\n<figure class=\"wp-block-image size-full\"><img loading=\"lazy\" decoding=\"async\" width=\"1000\" height=\"707\" src=\"https:\/\/studioducommun.fr\/wp-content\/uploads\/2025\/10\/3_foresta.jpg\" alt=\"\" class=\"wp-image-307\" srcset=\"https:\/\/studioducommun.fr\/wp-content\/uploads\/2025\/10\/3_foresta.jpg 1000w, https:\/\/studioducommun.fr\/wp-content\/uploads\/2025\/10\/3_foresta-300x212.jpg 300w, https:\/\/studioducommun.fr\/wp-content\/uploads\/2025\/10\/3_foresta-768x543.jpg 768w\" sizes=\"auto, (max-width: 1000px) 100vw, 1000px\" \/><\/figure>\n\n\n\n<hr class=\"wp-block-separator has-alpha-channel-opacity\"\/>\n\n\n\n<div class=\"wp-block-buttons is-content-justification-center is-layout-flex wp-container-core-buttons-is-layout-a89b3969 wp-block-buttons-is-layout-flex\">\n<div class=\"wp-block-button is-style-outline is-style-outline--1\"><a class=\"wp-block-button__link has-text-align-center wp-element-button\" href=\"https:\/\/studioducommun.fr\/index.php\/projets\/\">retour<\/a><\/div>\n<\/div>\n\n\n\n<p><\/p>\n","protected":false},"excerpt":{"rendered":"<p>les Voix du Re\u0301emploi Programme : Projet pilote pour supports vid\u00e9os p\u00e9dagogiques de retours d&rsquo;exp\u00e9riences Mission : Ecriture \/ Interview \/ Communication \/ Recherche de financementCommande : BellastockPartenaire : SPREC (Syndicat Professionnel du R\u00e9emploi)Lieu : Les Grands Ateliers &#8211; VillefontaineDur\u00e9e : 20 min\u00c9tat : visible sur youtube Azimuts 1 et 2 Programme : Sc\u00e9nographie pour [&hellip;]<\/p>\n","protected":false},"author":1,"featured_media":0,"parent":0,"menu_order":0,"comment_status":"closed","ping_status":"closed","template":"","meta":{"footnotes":""},"class_list":["post-288","page","type-page","status-publish","hentry"],"_links":{"self":[{"href":"https:\/\/studioducommun.fr\/index.php\/wp-json\/wp\/v2\/pages\/288","targetHints":{"allow":["GET"]}}],"collection":[{"href":"https:\/\/studioducommun.fr\/index.php\/wp-json\/wp\/v2\/pages"}],"about":[{"href":"https:\/\/studioducommun.fr\/index.php\/wp-json\/wp\/v2\/types\/page"}],"author":[{"embeddable":true,"href":"https:\/\/studioducommun.fr\/index.php\/wp-json\/wp\/v2\/users\/1"}],"replies":[{"embeddable":true,"href":"https:\/\/studioducommun.fr\/index.php\/wp-json\/wp\/v2\/comments?post=288"}],"version-history":[{"count":9,"href":"https:\/\/studioducommun.fr\/index.php\/wp-json\/wp\/v2\/pages\/288\/revisions"}],"predecessor-version":[{"id":313,"href":"https:\/\/studioducommun.fr\/index.php\/wp-json\/wp\/v2\/pages\/288\/revisions\/313"}],"wp:attachment":[{"href":"https:\/\/studioducommun.fr\/index.php\/wp-json\/wp\/v2\/media?parent=288"}],"curies":[{"name":"wp","href":"https:\/\/api.w.org\/{rel}","templated":true}]}}