{"id":66,"date":"2025-04-15T16:02:03","date_gmt":"2025-04-15T14:02:03","guid":{"rendered":"https:\/\/studioducommun.fr\/?page_id=66"},"modified":"2026-03-17T20:02:16","modified_gmt":"2026-03-17T19:02:16","slug":"mille-pousses","status":"publish","type":"page","link":"https:\/\/studioducommun.fr\/index.php\/projets\/mille-pousses\/","title":{"rendered":"AGRICOLE"},"content":{"rendered":"\n<h2 class=\"wp-block-heading\">Moulin Vieux 18<\/h2>\n\n\n\n<p class=\"is-style-default has-medium-font-size\"><strong>Programme : <\/strong>Hangar logistique pour une exploitation mara\u00eech\u00e8re<br><strong>Mission :<\/strong> Compl\u00e8te<br><strong>Ma\u00eetrise d&rsquo;ouvrage <\/strong>: Communaut\u00e9 de communes du G\u00e9sivaudan<br><strong>Lieu :<\/strong> Pontcharra<br><strong>Surface : <\/strong>448 m\u00b2 emprise au sol<br><strong>Co\u00fbt des travaux :<\/strong> 607 000\u20ac HT<br><strong>Etat :<\/strong> D\u00e9but des travaux en septembre 2025<\/p>\n\n\n\n<figure class=\"wp-block-image size-full\"><img loading=\"lazy\" decoding=\"async\" width=\"1000\" height=\"707\" src=\"https:\/\/studioducommun.fr\/wp-content\/uploads\/2026\/03\/1_MOULINVIEUX.jpg\" alt=\"\" class=\"wp-image-323\" srcset=\"https:\/\/studioducommun.fr\/wp-content\/uploads\/2026\/03\/1_MOULINVIEUX.jpg 1000w, https:\/\/studioducommun.fr\/wp-content\/uploads\/2026\/03\/1_MOULINVIEUX-300x212.jpg 300w, https:\/\/studioducommun.fr\/wp-content\/uploads\/2026\/03\/1_MOULINVIEUX-768x543.jpg 768w\" sizes=\"auto, (max-width: 1000px) 100vw, 1000px\" \/><\/figure>\n\n\n\n<figure class=\"wp-block-image size-full\"><img loading=\"lazy\" decoding=\"async\" width=\"1000\" height=\"707\" src=\"https:\/\/studioducommun.fr\/wp-content\/uploads\/2025\/04\/1_MOULINVIEUX.jpg\" alt=\"\" class=\"wp-image-96\" srcset=\"https:\/\/studioducommun.fr\/wp-content\/uploads\/2025\/04\/1_MOULINVIEUX.jpg 1000w, https:\/\/studioducommun.fr\/wp-content\/uploads\/2025\/04\/1_MOULINVIEUX-300x212.jpg 300w, https:\/\/studioducommun.fr\/wp-content\/uploads\/2025\/04\/1_MOULINVIEUX-768x543.jpg 768w\" sizes=\"auto, (max-width: 1000px) 100vw, 1000px\" \/><\/figure>\n\n\n\n<figure class=\"wp-block-image size-full\"><img loading=\"lazy\" decoding=\"async\" width=\"1000\" height=\"707\" src=\"https:\/\/studioducommun.fr\/wp-content\/uploads\/2025\/04\/3_MOULINVIEUX.jpg\" alt=\"\" class=\"wp-image-98\" srcset=\"https:\/\/studioducommun.fr\/wp-content\/uploads\/2025\/04\/3_MOULINVIEUX.jpg 1000w, https:\/\/studioducommun.fr\/wp-content\/uploads\/2025\/04\/3_MOULINVIEUX-300x212.jpg 300w, https:\/\/studioducommun.fr\/wp-content\/uploads\/2025\/04\/3_MOULINVIEUX-768x543.jpg 768w\" sizes=\"auto, (max-width: 1000px) 100vw, 1000px\" \/><\/figure>\n\n\n\n<hr class=\"wp-block-separator has-alpha-channel-opacity\"\/>\n\n\n\n<h2 class=\"wp-block-heading\">Ferme du Neron<\/h2>\n\n\n\n<p class=\"has-medium-font-size\"><strong>Programme : <\/strong>conteneurs am\u00e9nag\u00e9s install\u00e9s sous une grande halle agricole<br><strong>Mission :<\/strong> Compl\u00e8te<br><strong>Ma\u00eetrise d&rsquo;ouvrage <\/strong>: Commune de Saint Egr\u00e8ve<br><strong>Lieu :<\/strong> Saint Egr\u00e8ve<br><strong>Surface : <\/strong>335 m2 emprise au sol<br><strong>Co\u00fbt des travaux :<\/strong> 288 000\u20ac HT<br><strong>Etat :<\/strong> Achev\u00e9 printemps 2025<\/p>\n\n\n\n<figure class=\"wp-block-image size-full\"><img loading=\"lazy\" decoding=\"async\" width=\"1000\" height=\"707\" src=\"https:\/\/studioducommun.fr\/wp-content\/uploads\/2025\/07\/0_FERME-DU-NERON.jpg\" alt=\"\" class=\"wp-image-281\" srcset=\"https:\/\/studioducommun.fr\/wp-content\/uploads\/2025\/07\/0_FERME-DU-NERON.jpg 1000w, https:\/\/studioducommun.fr\/wp-content\/uploads\/2025\/07\/0_FERME-DU-NERON-300x212.jpg 300w, https:\/\/studioducommun.fr\/wp-content\/uploads\/2025\/07\/0_FERME-DU-NERON-768x543.jpg 768w\" sizes=\"auto, (max-width: 1000px) 100vw, 1000px\" \/><\/figure>\n\n\n\n<figure class=\"wp-block-image size-large\"><img loading=\"lazy\" decoding=\"async\" width=\"1000\" height=\"707\" src=\"https:\/\/studioducommun.fr\/wp-content\/uploads\/2025\/04\/1_FERME-DU-NERON.jpg\" alt=\"\" class=\"wp-image-89\" srcset=\"https:\/\/studioducommun.fr\/wp-content\/uploads\/2025\/04\/1_FERME-DU-NERON.jpg 1000w, https:\/\/studioducommun.fr\/wp-content\/uploads\/2025\/04\/1_FERME-DU-NERON-300x212.jpg 300w, https:\/\/studioducommun.fr\/wp-content\/uploads\/2025\/04\/1_FERME-DU-NERON-768x543.jpg 768w\" sizes=\"auto, (max-width: 1000px) 100vw, 1000px\" \/><\/figure>\n\n\n\n<figure class=\"wp-block-image size-full\"><img loading=\"lazy\" decoding=\"async\" width=\"1000\" height=\"707\" src=\"https:\/\/studioducommun.fr\/wp-content\/uploads\/2025\/04\/2_FERME-DU-NERON.jpg\" alt=\"\" class=\"wp-image-88\" srcset=\"https:\/\/studioducommun.fr\/wp-content\/uploads\/2025\/04\/2_FERME-DU-NERON.jpg 1000w, https:\/\/studioducommun.fr\/wp-content\/uploads\/2025\/04\/2_FERME-DU-NERON-300x212.jpg 300w, https:\/\/studioducommun.fr\/wp-content\/uploads\/2025\/04\/2_FERME-DU-NERON-768x543.jpg 768w\" sizes=\"auto, (max-width: 1000px) 100vw, 1000px\" \/><\/figure>\n\n\n\n<hr class=\"wp-block-separator has-alpha-channel-opacity\"\/>\n\n\n\n<h2 class=\"wp-block-heading\">Ferme des Millepousses<\/h2>\n\n\n\n<p class=\"has-medium-font-size\"><strong>Programme : <\/strong>B\u00e2timent agricole pour ferme urbaine de mara\u00eechage et production de micro-pousses<br><strong>Mission :<\/strong> Conception et permis de construire<br><strong>Ma\u00eetrise d&rsquo;ouvrage <\/strong>: Association Millepousses<br><strong>Lieu :<\/strong> Grenoble<br><strong>Surface : <\/strong>110m\u00b2 emprise au sol<br><strong>Co\u00fbt des travaux :<\/strong> Auto-construction<br><strong>Etat :<\/strong> Achev\u00e9 printemps 2022<\/p>\n\n\n\n<div class=\"wp-block-columns is-layout-flex wp-container-core-columns-is-layout-28f84493 wp-block-columns-is-layout-flex\">\n<div class=\"wp-block-column is-layout-flow wp-block-column-is-layout-flow\" style=\"flex-basis:100%\">\n<figure class=\"wp-block-image size-full\"><img loading=\"lazy\" decoding=\"async\" width=\"1000\" height=\"707\" src=\"https:\/\/studioducommun.fr\/wp-content\/uploads\/2025\/04\/1_MILLEPOUSSES.jpg\" alt=\"\" class=\"wp-image-128\" srcset=\"https:\/\/studioducommun.fr\/wp-content\/uploads\/2025\/04\/1_MILLEPOUSSES.jpg 1000w, https:\/\/studioducommun.fr\/wp-content\/uploads\/2025\/04\/1_MILLEPOUSSES-300x212.jpg 300w, https:\/\/studioducommun.fr\/wp-content\/uploads\/2025\/04\/1_MILLEPOUSSES-768x543.jpg 768w\" sizes=\"auto, (max-width: 1000px) 100vw, 1000px\" \/><\/figure>\n<\/div>\n<\/div>\n\n\n\n<figure class=\"wp-block-image size-full\"><img loading=\"lazy\" decoding=\"async\" width=\"1000\" height=\"707\" src=\"https:\/\/studioducommun.fr\/wp-content\/uploads\/2025\/04\/2_MILLEPOUSSES.jpg\" alt=\"\" class=\"wp-image-129\" srcset=\"https:\/\/studioducommun.fr\/wp-content\/uploads\/2025\/04\/2_MILLEPOUSSES.jpg 1000w, https:\/\/studioducommun.fr\/wp-content\/uploads\/2025\/04\/2_MILLEPOUSSES-300x212.jpg 300w, https:\/\/studioducommun.fr\/wp-content\/uploads\/2025\/04\/2_MILLEPOUSSES-768x543.jpg 768w\" sizes=\"auto, (max-width: 1000px) 100vw, 1000px\" \/><\/figure>\n\n\n\n<figure class=\"wp-block-image size-full\"><img loading=\"lazy\" decoding=\"async\" width=\"1000\" height=\"707\" src=\"https:\/\/studioducommun.fr\/wp-content\/uploads\/2025\/04\/3_MILLEPOUSSES-1.jpg\" alt=\"\" class=\"wp-image-131\" srcset=\"https:\/\/studioducommun.fr\/wp-content\/uploads\/2025\/04\/3_MILLEPOUSSES-1.jpg 1000w, https:\/\/studioducommun.fr\/wp-content\/uploads\/2025\/04\/3_MILLEPOUSSES-1-300x212.jpg 300w, https:\/\/studioducommun.fr\/wp-content\/uploads\/2025\/04\/3_MILLEPOUSSES-1-768x543.jpg 768w\" sizes=\"auto, (max-width: 1000px) 100vw, 1000px\" \/><\/figure>\n\n\n\n<hr class=\"wp-block-separator has-alpha-channel-opacity\"\/>\n\n\n\n<div class=\"wp-block-buttons is-content-justification-center is-layout-flex wp-container-core-buttons-is-layout-a89b3969 wp-block-buttons-is-layout-flex\">\n<div class=\"wp-block-button is-style-outline is-style-outline--1\"><a class=\"wp-block-button__link has-text-align-center wp-element-button\" href=\"https:\/\/studioducommun.fr\/index.php\/projets\/\">retour<\/a><\/div>\n<\/div>\n\n\n\n<p><\/p>\n","protected":false},"excerpt":{"rendered":"<p>Moulin Vieux 18 Programme : Hangar logistique pour une exploitation mara\u00eech\u00e8reMission : Compl\u00e8teMa\u00eetrise d&rsquo;ouvrage : Communaut\u00e9 de communes du G\u00e9sivaudanLieu : PontcharraSurface : 448 m\u00b2 emprise au solCo\u00fbt des travaux : 607 000\u20ac HTEtat : D\u00e9but des travaux en septembre 2025 Ferme du Neron Programme : conteneurs am\u00e9nag\u00e9s install\u00e9s sous une grande halle agricoleMission : [&hellip;]<\/p>\n","protected":false},"author":1,"featured_media":0,"parent":60,"menu_order":0,"comment_status":"closed","ping_status":"closed","template":"","meta":{"footnotes":""},"class_list":["post-66","page","type-page","status-publish","hentry"],"_links":{"self":[{"href":"https:\/\/studioducommun.fr\/index.php\/wp-json\/wp\/v2\/pages\/66","targetHints":{"allow":["GET"]}}],"collection":[{"href":"https:\/\/studioducommun.fr\/index.php\/wp-json\/wp\/v2\/pages"}],"about":[{"href":"https:\/\/studioducommun.fr\/index.php\/wp-json\/wp\/v2\/types\/page"}],"author":[{"embeddable":true,"href":"https:\/\/studioducommun.fr\/index.php\/wp-json\/wp\/v2\/users\/1"}],"replies":[{"embeddable":true,"href":"https:\/\/studioducommun.fr\/index.php\/wp-json\/wp\/v2\/comments?post=66"}],"version-history":[{"count":17,"href":"https:\/\/studioducommun.fr\/index.php\/wp-json\/wp\/v2\/pages\/66\/revisions"}],"predecessor-version":[{"id":324,"href":"https:\/\/studioducommun.fr\/index.php\/wp-json\/wp\/v2\/pages\/66\/revisions\/324"}],"up":[{"embeddable":true,"href":"https:\/\/studioducommun.fr\/index.php\/wp-json\/wp\/v2\/pages\/60"}],"wp:attachment":[{"href":"https:\/\/studioducommun.fr\/index.php\/wp-json\/wp\/v2\/media?parent=66"}],"curies":[{"name":"wp","href":"https:\/\/api.w.org\/{rel}","templated":true}]}}